{"id":1038,"date":"2017-11-08T14:39:22","date_gmt":"2017-11-08T14:39:22","guid":{"rendered":"http:\/\/aalto.edge-themes.com\/?page_id=1038"},"modified":"2022-08-03T13:49:23","modified_gmt":"2022-08-03T13:49:23","slug":"contact-us","status":"publish","type":"page","link":"https:\/\/cakmakinsaat.org\/index.php\/contact-us\/","title":{"rendered":"Bize Ula\u015f\u0131n"},"content":{"rendered":"<p>[vc_row][vc_column][vc_empty_space height=&#8221;80px&#8221;][\/vc_column][\/vc_row][vc_row row_content_width=&#8221;grid&#8221; css=&#8221;.vc_custom_1511425318477{padding-top: 72px !important;padding-bottom: 98px !important;}&#8221;][vc_column offset=&#8221;vc_col-lg-6 vc_col-md-12 vc_col-xs-12&#8243;]<div class=\"edgtf-elements-holder   edgtf-two-columns  edgtf-responsive-mode-768 \" ><div class=\"edgtf-eh-item    \"  data-item-class=\"edgtf-eh-custom-6098\" data-768-1024=\"28px 15% 0px 0%\" data-680-768=\"28px 15% 52px 2%\" data-680=\"28px 15% 30px 2%\">\n\t<div class=\"edgtf-eh-item-inner\">\n\t\t<div class=\"edgtf-eh-item-content edgtf-eh-custom-6098\" style=\"padding: 28px 15% 0px 6%\">\n\t\t\t[vc_single_image image=&#8221;3918&#8243; img_size=&#8221;full&#8221;]\t\t<\/div>\n\t<\/div>\n<\/div><\/div>[\/vc_column][vc_column offset=&#8221;vc_col-lg-6 vc_col-md-12 vc_col-xs-12&#8243; css=&#8221;.vc_custom_1659534485026{padding-top: 40px !important;}&#8221;]<div class=\"edgtf-elements-holder   edgtf-one-column  edgtf-responsive-mode-768 \" ><div class=\"edgtf-eh-item    \"  data-item-class=\"edgtf-eh-custom-6643\" data-1024-1280=\"0px 0 0 0\" data-680-768=\"19px 0 0 0\" data-680=\"39px 0 0 0\">\n\t<div class=\"edgtf-eh-item-inner\">\n\t\t<div class=\"edgtf-eh-item-content edgtf-eh-custom-6643\" style=\"padding: 0px 0 0 0\">\n\t\t\t[vc_column_text]<\/p>\n<h2>Neredeyiz?<br \/>\n&amp; Bize NAs\u0131l Ula\u015fabilirsiniz?<\/h2>\n<p>[\/vc_column_text]\t\t<\/div>\n\t<\/div>\n<\/div><\/div><div class=\"edgtf-elements-holder   edgtf-two-columns  edgtf-responsive-mode-768 \" ><div class=\"edgtf-eh-item    \"  data-item-class=\"edgtf-eh-custom-6260\">\n\t<div class=\"edgtf-eh-item-inner\">\n\t\t<div class=\"edgtf-eh-item-content edgtf-eh-custom-6260\" style=\"padding: 0 0 0 0\">\n\t\t\t[vc_empty_space]<div class=\"edgtf-section-title-holder  edgtf-st-standard  edgtf-st-position-left edgtf-appear-fx\" style=\"padding: 0 0%\">\n\t\t<div class=\"edgtf-st-inner\">\n                    <div class=\"edgtf-st-title-holder\">\n                <h4 class=\"edgtf-st-title\" style=\"color: #202020\">\n                    \u0130STANBUL OF\u0130S                <\/h4>\n            <\/div>\n\t\t\t\t\t<\/div>\n    <\/div>[vc_empty_space]<div class=\"edgtf-icon-list-holder \" style=\"margin-bottom: 20px\">\n\t<div class=\"edgtf-il-icon-holder\">\n\t\t<i class=\"edgtf-icon-linea-icon icon-basic-headset \" style=\"color: #202020;font-size: 21px\"><\/i>\t<\/div>\n\t<p class=\"edgtf-il-text\" style=\"color: #202020;font-size: 16px;padding-left: 32px\">Telefon +90(212) 5011022<\/p>\n<\/div><div class=\"edgtf-icon-list-holder \" style=\"margin-bottom: 20px\">\n\t<div class=\"edgtf-il-icon-holder\">\n\t\t<i class=\"edgtf-icon-linea-icon icon-basic-mail \" style=\"color: #202020;font-size: 21px\"><\/i>\t<\/div>\n\t<p class=\"edgtf-il-text\" style=\"color: #202020;font-size: 16px;padding-left: 32px\">info@cakmakinsaat.org<\/p>\n<\/div><div class=\"edgtf-icon-list-holder \" style=\"margin-bottom: 20px\">\n\t<div class=\"edgtf-il-icon-holder\">\n\t\t<i class=\"edgtf-icon-linea-icon icon-basic-pin1 \" style=\"color: #202020;font-size: 21px\"><\/i>\t<\/div>\n\t<p class=\"edgtf-il-text\" style=\"color: #202020;font-size: 16px;padding-left: 32px\">\u00c7akmak Triko Center, K: 5, D: 26 Maltepe<\/p>\n<\/div><div class=\"edgtf-icon-list-holder \" style=\"margin-bottom: 20px\">\n\t<div class=\"edgtf-il-icon-holder\">\n\t\t<i class=\"edgtf-icon-linea-icon icon-basic-clock \" style=\"color: #202020;font-size: 21px\"><\/i>\t<\/div>\n\t<p class=\"edgtf-il-text\" style=\"color: #202020;font-size: 16px;padding-left: 32px\">Pzt - Cmt 09.00 - 18.00<\/p>\n<\/div><div class=\"edgtf-link-section-holder edgtf-appear-fx\">\n    <div class=\"edgtf-link-section-title-holder\">\n        <h2 class=\"edgtf-link-section-title\" >\n    \t\tYol Tarifi        <\/h2>\n    <\/div>\n            <div class=\"edgtf-single-link-section-holder\">\n                            <a href=\"https:\/\/www.google.com\/maps\/place\/Triko+center\/@40.990563,28.8684534,10.96z\/data=!4m9!1m2!2m1!1zTnVtdW5lIEJhxJ8gQ2FkLiDDh2FrbWFrIFRyaWtvIENlbnRlciDEsMWfIE1lcmtlemksIE5vOiAxLCBLOiA1LCBEOiAyNiBNYWx0ZXBlIC0gxLBzdGFuYnVs!3m5!1s0x14caa52f999de485:0x43b451c8e6601291!8m2!3d41.0780078!4d28.7988241!15sClpOdW11bmUgQmHEnyBDYWQuIMOHYWttYWsgVHJpa28gQ2VudGVyIMSwxZ8gTWVya2V6aSwgTm86IDEsIEs6IDUsIEQ6IDI2IE1hbHRlcGUgLSDEsHN0YW5idWySAQ9zaG9wcGluZ19jZW50ZXI\" class=\"edgtf-link-section\" >\n                    <div class=\"edgtf-single-link-title-holder\">\n                        <h5 class=\"edgtf-single-link-title\" >\n                            Haritada A\u00e7                        <\/h5>\n                    <\/div>\n                <\/a>\n                    <\/div>\n    <\/div>\t\t<\/div>\n\t<\/div>\n<\/div><div class=\"edgtf-eh-item    \"  data-item-class=\"edgtf-eh-custom-3603\">\n\t<div class=\"edgtf-eh-item-inner\">\n\t\t<div class=\"edgtf-eh-item-content edgtf-eh-custom-3603\" style=\"padding: 0 0 0 0\">\n\t\t\t[vc_empty_space]<div class=\"edgtf-section-title-holder  edgtf-st-standard  edgtf-st-position-left edgtf-appear-fx\" style=\"padding: 0 0%\">\n\t\t<div class=\"edgtf-st-inner\">\n                    <div class=\"edgtf-st-title-holder\">\n                <h4 class=\"edgtf-st-title\" style=\"color: #202020\">\n                    \u0130ZM\u0130R OF\u0130S                <\/h4>\n            <\/div>\n\t\t\t\t\t<\/div>\n    <\/div>[vc_empty_space]<div class=\"edgtf-icon-list-holder \" style=\"margin-bottom: 20px\">\n\t<div class=\"edgtf-il-icon-holder\">\n\t\t<i class=\"edgtf-icon-linea-icon icon-basic-headset \" style=\"color: #202020;font-size: 21px\"><\/i>\t<\/div>\n\t<p class=\"edgtf-il-text\" style=\"color: #202020;font-size: 16px;padding-left: 32px\">Telefon +90(232) 3304422<\/p>\n<\/div><div class=\"edgtf-icon-list-holder \" style=\"margin-bottom: 20px\">\n\t<div class=\"edgtf-il-icon-holder\">\n\t\t<i class=\"edgtf-icon-linea-icon icon-basic-mail \" style=\"color: #202020;font-size: 21px\"><\/i>\t<\/div>\n\t<p class=\"edgtf-il-text\" style=\"color: #202020;font-size: 16px;padding-left: 32px\">info@cakmakinsaat.org<\/p>\n<\/div><div class=\"edgtf-icon-list-holder \" style=\"margin-bottom: 20px\">\n\t<div class=\"edgtf-il-icon-holder\">\n\t\t<i class=\"edgtf-icon-linea-icon icon-basic-pin1 \" style=\"color: #202020;font-size: 21px\"><\/i>\t<\/div>\n\t<p class=\"edgtf-il-text\" style=\"color: #202020;font-size: 16px;padding-left: 32px\">6221\/4 Sokak, No: 10\/A Kar\u015f\u0131yaka<\/p>\n<\/div><div class=\"edgtf-icon-list-holder \" style=\"margin-bottom: 20px\">\n\t<div class=\"edgtf-il-icon-holder\">\n\t\t<i class=\"edgtf-icon-linea-icon icon-basic-clock \" style=\"color: #202020;font-size: 21px\"><\/i>\t<\/div>\n\t<p class=\"edgtf-il-text\" style=\"color: #202020;font-size: 16px;padding-left: 32px\">Pzt - Cmt 09.00 - 18.00<\/p>\n<\/div><div class=\"edgtf-link-section-holder edgtf-appear-fx\">\n    <div class=\"edgtf-link-section-title-holder\">\n        <h2 class=\"edgtf-link-section-title\" >\n    \t\tYol Tarifi        <\/h2>\n    <\/div>\n            <div class=\"edgtf-single-link-section-holder\">\n                            <a href=\"https:\/\/www.google.com\/maps\/place\/%C3%87akmak+In%C5%9Faat+Turizm\/@38.4703843,27.0929414,17z\/data=!3m1!4b1!4m5!3m4!1s0x14bbd9ef63eb5449:0xb139258287844408!8m2!3d38.4704051!4d27.0951668!12b1?rapsrc=apiv3\" class=\"edgtf-link-section\" >\n                    <div class=\"edgtf-single-link-title-holder\">\n                        <h5 class=\"edgtf-single-link-title\" >\n                            Haritada A\u00e7                        <\/h5>\n                    <\/div>\n                <\/a>\n                    <\/div>\n    <\/div>\t\t<\/div>\n\t<\/div>\n<\/div><\/div>[\/vc_column][\/vc_row][vc_row css=&#8221;.vc_custom_1510585569374{padding-bottom: 35px !important;background-color: #ececec !important;}&#8221;][vc_column]<div class=\"edgtf-call-to-action-holder  edgtf-normal-layout edgtf-content-in-grid edgtf-three-quarters-columns\" >\n\t<div class=\"edgtf-cta-inner edgtf-grid\">\n\t\t<div class=\"edgtf-cta-text-holder\">\n\t\t\t<div class=\"edgtf-cta-text\">\n<h5><span style=\"color: #202020;\">G\u00dcNCEL PROJE KATALO\u011eUMUZU \u0130NCELEMEK \u0130\u00c7\u0130N TIKLAYINIZ.<\/span><\/h5>\n<\/div>\n\t\t<\/div>\n\t\t<div class=\"edgtf-cta-button-holder\" >\n\t\t\t<div class=\"edgtf-cta-button\"><a itemprop=\"url\" href=\"https:\/\/www.flipsnack.com\/EBFEF799E8C\/cakmak-insaat-katalog-2022.html\" target=\"_self\" style=\"color: #000000;text-transform: capitalize;background-color: #ffffff\" class=\"edgtf-btn edgtf-btn-medium edgtf-btn-solid edgtf-btn-with-crosshair\"  >                        <span class=\"edgtf-btn-lines edgtf-line-1\" style=\"background-color: #999\"><\/span>                    <span class=\"edgtf-btn-lines edgtf-line-2\" style=\"background-color: #999\"><\/span>                    <span class=\"edgtf-btn-lines edgtf-line-3\" style=\"background-color: #999\"><\/span>                    <span class=\"edgtf-btn-lines edgtf-line-4\" style=\"background-color: #999\"><\/span>                    <span class=\"edgtf-btn-text\">Katalo\u011fu \u0130ncele<\/span>                <\/a><\/div>\n\t\t<\/div>\n\t<\/div>\n<\/div>[\/vc_column][\/vc_row][vc_row row_content_width=&#8221;grid&#8221; css=&#8221;.vc_custom_1511425357778{padding-top: 73px !important;padding-bottom: 75px !important;}&#8221;][vc_column]<div class=\"edgtf-elements-holder   edgtf-two-columns  edgtf-responsive-mode-768 \" ><div class=\"edgtf-eh-item    \"  data-item-class=\"edgtf-eh-custom-7691\" data-1024-1280=\"0 0 35px 0\">\n\t<div class=\"edgtf-eh-item-inner\">\n\t\t<div class=\"edgtf-eh-item-content edgtf-eh-custom-7691\" style=\"padding: 0 0 18px 0\">\n\t\t\t<div class=\"edgtf-section-title-holder  edgtf-st-standard  edgtf-st-position-left edgtf-appear-fx\" style=\"padding: 0 0%\">\n\t\t<div class=\"edgtf-st-inner\">\n                    <div class=\"edgtf-st-title-holder\">\n                <h2 class=\"edgtf-st-title\" style=\"color: #202020\">\n                    \u0130LET\u0130\u015e\u0130M FORMU                <\/h2>\n            <\/div>\n\t\t\t\t            <div class=\"edgtf-st-text-holder\">\n    \t\t\t<h6 class=\"edgtf-st-text\" style=\"color: #000000\">\n    \t\t\t\t\u0130stanbul ve \u0130zmir'de konut projeleri, kentsel d\u00f6n\u00fc\u015f\u00fcm, restorasyon vb. konularda destek almak i\u00e7in formu doldurun.    \t\t\t<\/h6>\n            <\/div>\n\t\t\t<\/div>\n    <\/div>[vc_empty_space]\n<div class=\"wpcf7 no-js\" id=\"wpcf7-f237-o1\" lang=\"en-US\" dir=\"ltr\" data-wpcf7-id=\"237\">\n<div class=\"screen-reader-response\"><p role=\"status\" aria-live=\"polite\" aria-atomic=\"true\"><\/p> <ul><\/ul><\/div>\n<form action=\"\/index.php\/wp-json\/wp\/v2\/pages\/1038#wpcf7-f237-o1\" method=\"post\" class=\"wpcf7-form init\" aria-label=\"Contact form\" novalidate=\"novalidate\" data-status=\"init\">\n<fieldset class=\"hidden-fields-container\"><input type=\"hidden\" name=\"_wpcf7\" value=\"237\" \/><input type=\"hidden\" name=\"_wpcf7_version\" value=\"6.1.5\" \/><input type=\"hidden\" name=\"_wpcf7_locale\" value=\"en_US\" \/><input type=\"hidden\" name=\"_wpcf7_unit_tag\" value=\"wpcf7-f237-o1\" \/><input type=\"hidden\" name=\"_wpcf7_container_post\" value=\"0\" \/><input type=\"hidden\" name=\"_wpcf7_posted_data_hash\" value=\"\" \/>\n<\/fieldset>\n<div class=\"edgt-cf7-wrapper edgtf-custom-form\">\n\t<div class=\"edgtf-grid-row\">\n\t\t<div class=\"edgtf-grid-col-12\">\n\t\t\t<p><span class=\"wpcf7-form-control-wrap\" data-name=\"your-name\"><input size=\"40\" maxlength=\"400\" class=\"wpcf7-form-control wpcf7-text wpcf7-validates-as-required\" aria-required=\"true\" aria-invalid=\"false\" placeholder=\"\u0130sim - Soyisim*\" value=\"\" type=\"text\" name=\"your-name\" \/><\/span>\n\t\t\t<\/p>\n\t\t<\/div>\n\t<\/div>\n\t<div class=\"edgtf-grid-row\">\n\t\t<div class=\"edgtf-grid-col-12\">\n\t\t\t<p><span class=\"wpcf7-form-control-wrap\" data-name=\"your-name\"><input size=\"40\" maxlength=\"400\" class=\"wpcf7-form-control wpcf7-text wpcf7-validates-as-required\" aria-required=\"true\" aria-invalid=\"false\" placeholder=\"E-posta*\" value=\"\" type=\"text\" name=\"your-name\" \/><\/span>\n\t\t\t<\/p>\n\t\t<\/div>\n\t<\/div>\n\t<div class=\"edgtf-grid-row\">\n\t\t<div class=\"edgtf-grid-col-12\">\n\t\t\t<p><span class=\"wpcf7-form-control-wrap\" data-name=\"your-message\"><textarea cols=\"40\" rows=\"6\" maxlength=\"2000\" class=\"wpcf7-form-control wpcf7-textarea\" aria-invalid=\"false\" placeholder=\"Mesaj\u0131n\u0131z\" name=\"your-message\"><\/textarea><\/span>\n\t\t\t<\/p>\n\t\t<\/div>\n\t<\/div>\n\t<div class=\"edgtf-grid-col-12\">\n\t\t<p><input class=\"wpcf7-form-control wpcf7-submit has-spinner\" type=\"submit\" value=\"G\u00d6NDER\" \/>\n\t\t<\/p>\n\t<\/div>\n<\/div><p style=\"display: none !important;\" class=\"akismet-fields-container\" data-prefix=\"_wpcf7_ak_\"><label>&#916;<textarea name=\"_wpcf7_ak_hp_textarea\" cols=\"45\" rows=\"8\" maxlength=\"100\"><\/textarea><\/label><input type=\"hidden\" id=\"ak_js_1\" name=\"_wpcf7_ak_js\" value=\"140\"\/><script type=\"text\/javascript\">\n\/* <![CDATA[ *\/\ndocument.getElementById( \"ak_js_1\" ).setAttribute( \"value\", ( new Date() ).getTime() );\n\/* ]]> *\/\n<\/script>\n<\/p><div class=\"wpcf7-response-output\" aria-hidden=\"true\"><\/div>\n<\/form>\n<\/div>\n\t\t<\/div>\n\t<\/div>\n<\/div><\/div>[\/vc_column][\/vc_row]<\/p>\n","protected":false},"excerpt":{"rendered":"<p>[vc_row][vc_column][vc_empty_space height=&#8221;80px&#8221;][\/vc_column][\/vc_row][vc_row row_content_width=&#8221;grid&#8221; css=&#8221;.vc_custom_1511425318477{padding-top: 72px !important;padding-bottom: 98px !important;}&#8221;][vc_column offset=&#8221;vc_col-lg-6 vc_col-md-12 vc_col-xs-12&#8243;][\/vc_column][vc_column offset=&#8221;vc_col-lg-6 vc_col-md-12 vc_col-xs-12&#8243; css=&#8221;.vc_custom_1659534485026{padding-top: 40px !important;}&#8221;][\/vc_column][\/vc_row][vc_row css=&#8221;.vc_custom_1510585569374{padding-bottom: 35px !important;background-color: #ececec !important;}&#8221;][vc_column][\/vc_column][\/vc_row][vc_row row_content_width=&#8221;grid&#8221; css=&#8221;.vc_custom_1511425357778{padding-top: 73px !important;padding-bottom: 75px !important;}&#8221;][vc_column][\/vc_column][\/vc_row]<\/p>\n","protected":false},"author":1,"featured_media":0,"parent":0,"menu_order":0,"comment_status":"closed","ping_status":"closed","template":"full-width.php","meta":{"footnotes":""},"class_list":["post-1038","page","type-page","status-publish","hentry"],"_links":{"self":[{"href":"https:\/\/cakmakinsaat.org\/index.php\/wp-json\/wp\/v2\/pages\/1038","targetHints":{"allow":["GET"]}}],"collection":[{"href":"https:\/\/cakmakinsaat.org\/index.php\/wp-json\/wp\/v2\/pages"}],"about":[{"href":"https:\/\/cakmakinsaat.org\/index.php\/wp-json\/wp\/v2\/types\/page"}],"author":[{"embeddable":true,"href":"https:\/\/cakmakinsaat.org\/index.php\/wp-json\/wp\/v2\/users\/1"}],"replies":[{"embeddable":true,"href":"https:\/\/cakmakinsaat.org\/index.php\/wp-json\/wp\/v2\/comments?post=1038"}],"version-history":[{"count":15,"href":"https:\/\/cakmakinsaat.org\/index.php\/wp-json\/wp\/v2\/pages\/1038\/revisions"}],"predecessor-version":[{"id":3920,"href":"https:\/\/cakmakinsaat.org\/index.php\/wp-json\/wp\/v2\/pages\/1038\/revisions\/3920"}],"wp:attachment":[{"href":"https:\/\/cakmakinsaat.org\/index.php\/wp-json\/wp\/v2\/media?parent=1038"}],"curies":[{"name":"wp","href":"https:\/\/api.w.org\/{rel}","templated":true}]}}