{"id":1701,"date":"2017-11-20T10:40:13","date_gmt":"2017-11-20T10:40:13","guid":{"rendered":"http:\/\/aalto.edge-themes.com\/?page_id=1701"},"modified":"2022-09-19T08:47:33","modified_gmt":"2022-09-19T08:47:33","slug":"projelerimiz","status":"publish","type":"page","link":"https:\/\/cakmakinsaat.org\/index.php\/projelerimiz\/","title":{"rendered":"Projelerimiz"},"content":{"rendered":"<p>[vc_row css=&#8221;.vc_custom_1511538348134{padding-top: 75px !important;padding-bottom: 65px !important;}&#8221;][vc_column]<div class=\"edgtf-section-title-holder  edgtf-st-vertical-lines  edgtf-st-position-left edgtf-appear-fx\" >\n\t        <span class=\"edgtf-st-vertical-top\" style=\"background-color: #202020\"><\/span>\n\t\t<div class=\"edgtf-st-inner\">\n                    <div class=\"edgtf-st-title-holder\">\n                <h2 class=\"edgtf-st-title\" style=\"color: #202020\">\n                    HAYATA GE\u00c7\u0130RD\u0130\u011e\u0130M\u0130Z PROJELER\u0130M\u0130Z                <\/h2>\n            <\/div>\n\t\t\t\t            <div class=\"edgtf-st-text-holder\">\n    \t\t\t<h6 class=\"edgtf-st-text\" style=\"color: #202020;margin-top: 1px\">\n    \t\t\t\t\u00d6nceli\u011fimiz sa\u011flam ve kaliteli yap\u0131lar.    \t\t\t<\/h6>\n            <\/div>\n\t\t\t<\/div>\n            <span class=\"edgtf-st-vertical-bottom\" style=\"background-color: #202020\"><\/span>\n    <\/div>[\/vc_column][\/vc_row][vc_row][vc_column]<div class=\"edgtf-portfolio-list-holder edgtf-pl-scrollable edgtf-large-space edgtf-pl-three-columns edgtf-pl-standard-shader edgtf-pl-skin-dark    edgtf-pl-pag-no-pagination edgtf-pl-has-filter     edgtf-three-images-scrollable\"  data-type=scrollable data-space-between-items=large data-number-of-items=-1 to show all data-image-proportions=full data-enable-fixed-proportions=no data-enable-image-shadow=no data-orderby=ID data-order=ASC data-item-style=standard-shader data-item-skin=dark data-enable-title=yes data-title-tag=h4 data-enable-category=yes data-enable-count-images=yes data-enable-excerpt=no data-excerpt-length=20 data-additional-data=year data-three-images=yes data-pagination-type=no-pagination data-filter=yes data-filter-order-by=count data-enable-article-animation=no data-portfolio-slider-on=no data-enable-loop=yes data-enable-autoplay=yes data-slider-speed=5000 data-slider-speed-animation=600 data-enable-navigation=yes data-out-navigation=yes data-enable-pagination=yes data-max-num-pages=0 data-next-page=2>\n    <div class=\"edgtf-pl-inner edgtf-outer-space clearfix\">\n        <p class=\"edgtf-pl-not-found\">Sorry, no posts matched your criteria.<\/p>    <\/div>\n<\/div>[\/vc_column][\/vc_row]<\/p>\n","protected":false},"excerpt":{"rendered":"<p>[vc_row css=&#8221;.vc_custom_1511538348134{padding-top: 75px !important;padding-bottom: 65px !important;}&#8221;][vc_column][\/vc_column][\/vc_row][vc_row][vc_column][\/vc_column][\/vc_row]<\/p>\n","protected":false},"author":1,"featured_media":0,"parent":0,"menu_order":0,"comment_status":"closed","ping_status":"closed","template":"full-width.php","meta":{"footnotes":""},"class_list":["post-1701","page","type-page","status-publish","hentry"],"_links":{"self":[{"href":"https:\/\/cakmakinsaat.org\/index.php\/wp-json\/wp\/v2\/pages\/1701","targetHints":{"allow":["GET"]}}],"collection":[{"href":"https:\/\/cakmakinsaat.org\/index.php\/wp-json\/wp\/v2\/pages"}],"about":[{"href":"https:\/\/cakmakinsaat.org\/index.php\/wp-json\/wp\/v2\/types\/page"}],"author":[{"embeddable":true,"href":"https:\/\/cakmakinsaat.org\/index.php\/wp-json\/wp\/v2\/users\/1"}],"replies":[{"embeddable":true,"href":"https:\/\/cakmakinsaat.org\/index.php\/wp-json\/wp\/v2\/comments?post=1701"}],"version-history":[{"count":15,"href":"https:\/\/cakmakinsaat.org\/index.php\/wp-json\/wp\/v2\/pages\/1701\/revisions"}],"predecessor-version":[{"id":4147,"href":"https:\/\/cakmakinsaat.org\/index.php\/wp-json\/wp\/v2\/pages\/1701\/revisions\/4147"}],"wp:attachment":[{"href":"https:\/\/cakmakinsaat.org\/index.php\/wp-json\/wp\/v2\/media?parent=1701"}],"curies":[{"name":"wp","href":"https:\/\/api.w.org\/{rel}","templated":true}]}}